{"id":162,"date":"2022-02-01T12:04:41","date_gmt":"2022-02-01T12:04:41","guid":{"rendered":"http:\/\/trustx.ch\/downloads\/"},"modified":"2026-02-18T15:51:22","modified_gmt":"2026-02-18T14:51:22","slug":"telechargements","status":"publish","type":"page","link":"https:\/\/trustx.ch\/fr\/telechargements\/","title":{"rendered":"T\u00e9l\u00e9chargements"},"content":{"rendered":"<div id=\"pl-162\"  class=\"panel-layout\" ><div id=\"pg-162-0\"  class=\"panel-grid panel-no-style\" ><div id=\"pgc-162-0-0\"  class=\"panel-grid-cell\" >\n<!--- !! CONTENT : SECTIONS !! --->\n<section class=\"content-section \" id=\"section-trustxcabinet\" data-background=\"white\"> <!-- Unique ID for smooth scroll [nav] -->\n    <div class=\"container\">\n        <div class=\"section-inner\">\n\n            <div class=\"row\">\n                <div class=\"col- col-lg-4\">\n                \t                    \t<h2>TrustX Cabinet<\/h2>                                    <\/div>\n                <div class=\"col- col-lg-8\">\n                \t<p>Logiciel pour la transmission de factures au TrustCenter \/ syst&egrave;me TrustX. Plusieurs fournisseurs de logiciels pour cabinets m&eacute;dicaux ont int&eacute;gr&eacute; TX Cabinet dans leur solution. Demandez &agrave; votre fournisseur si vous devez installer TX Cabinet s&eacute;par&eacute;ment.<br \/>\nEn cas de transmission &agrave; la Centrale de collecte des donn&eacute;es, veuillez vous adresser &agrave;: <a href=\"https:\/\/www.newindex.ch\/fr\/\" target=\"_blank\">NewIndex<\/a><\/p>\n                <\/div>\n            <\/div>\n\n        <\/div>\n    <\/div>\n<\/section>\n<!-- END HERE -->\n\n\n<!--- !! CONTENT : SECTIONS !! --->\n<section class=\"content-section \" id=\"section-t\u00e9l\u00e9chargements\" data-background=\"white\"> <!-- Unique ID for smooth scroll [nav] -->\n    <div class=\"container\">\n        <div class=\"section-inner\">\n\n            <div class=\"row\">\n                <div class=\"col- col-lg-4\">\n                \t                    \t<h2>T\u00e9l\u00e9chargements<\/h2>                                    <\/div>\n                <div class=\"col- col-lg-8\">\n                \t<ul>\n\t<li><a href=\"\/wp-content\/uploads\/2025\/07\/TXP-Client-V5_Manuel_dUtilisateur_ed5.0.pdf\" target=\"_blank\">Client TX Cabinet V5 - Manuel de l&rsquo;utilisateur<\/a><\/li>\n\t<li><a href=\"\/wp-content\/uploads\/2023\/07\/trustx-x86.zip\" target=\"_blank\">Windows 32bit: Client TX Cabinet V5.0.3<\/a><\/li>\n\t<li><a href=\"\/wp-content\/uploads\/2023\/04\/trustx-x64.zip\" target=\"_blank\">Windows 64bit: Client TX Cabinet V5.0.3<\/a><\/li>\n\t<li><a href=\"\/wp-content\/uploads\/2023\/05\/Trustx-Praxis-Installation-Intel.zip\" target=\"_blank\">Mac Intel: Client TX Cabinet V5.0.3<\/a><\/li>\n\t<li><a href=\"\/wp-content\/uploads\/2023\/05\/Trustx-Praxis-Installation-M1.zip\" target=\"_blank\">Mac M-S&eacute;rie: Client TX Cabinet V5.0.3<\/a><\/li>\n<\/ul>\n\n<p>La version 5.0.x du TX Cabinet Client prend en charge l&#39;envoi de factures selon les normes de facturation XML 4.3, 4.4, 4.5 et, &agrave; partir du 01.01.2026, &eacute;galement XML 5.0. TX Cabinet Client utilise HIN Open Authorization (OAuth 2).<\/p>\n\n<ul>\n\t<li><a href=\"\/wp-content\/uploads\/2026\/02\/TXP-Client-V5_Manuel_dUtilisateur_Editeurs-logiciels_ed5.0.pdf\" target=\"_blank\">Client TX Cabinet V5 - Manuel d&rsquo;utilisation destin&eacute; aux &eacute;diteurs de logiciels pour cabinets m&eacute;dicaux<\/a><\/li>\n<\/ul>\n                <\/div>\n            <\/div>\n\n        <\/div>\n    <\/div>\n<\/section>\n<!-- END HERE -->\n\n<\/div><\/div><div id=\"pg-162-1\"  class=\"panel-grid panel-no-style\" ><div id=\"pgc-162-1-0\"  class=\"panel-grid-cell\" >\n<!--- !! CONTENT : SECTIONS !! --->\n<section class=\"content-section lastsection\" id=\"section-\" data-background=\"white\">\n    <div class=\"container\">\n        <div class=\"section-inner\">\n\n            <div class=\"image-control\">\n                 <img src=\"https:\/\/trustx.ch\/wp-content\/uploads\/2026\/02\/345A2350.jpg\" alt=\"\">\n            <\/div>\n\n        <\/div>\n    <\/div>\n<\/section>\n<!-- END HERE -->\n\n<\/div><\/div><\/div>","protected":false},"excerpt":{"rendered":"<p>TrustX Cabinet Logiciel pour la transmission de factures au TrustCenter \/ syst&egrave;me TrustX. Plusieurs fournisseurs de logiciels pour cabinets m&eacute;dicaux ont int&eacute;gr&eacute; TX Cabinet dans leur solution. Demandez &agrave; votre fournisseur si vous devez installer TX Cabinet s&eacute;par&eacute;ment. En cas de transmission &agrave; la Centrale de collecte des donn&eacute;es, veuillez vous adresser &agrave;: NewIndex T\u00e9l\u00e9chargements &hellip; <a href=\"https:\/\/trustx.ch\/fr\/telechargements\/\" class=\"more-link\">Continue reading<span class=\"screen-reader-text\"> \u00ab\u00a0T\u00e9l\u00e9chargements\u00a0\u00bb<\/span><\/a><\/p>\n","protected":false},"author":1,"featured_media":0,"parent":0,"menu_order":0,"comment_status":"closed","ping_status":"closed","template":"","meta":[],"yoast_head":"<!-- This site is optimized with the Yoast SEO plugin v20.6 - https:\/\/yoast.com\/wordpress\/plugins\/seo\/ -->\n<title>T\u00e9l\u00e9chargements - TrustX Management AG<\/title>\n<meta name=\"robots\" content=\"index, follow, max-snippet:-1, max-image-preview:large, max-video-preview:-1\" \/>\n<link rel=\"canonical\" href=\"https:\/\/trustx.ch\/fr\/telechargements\/\" \/>\n<meta property=\"og:locale\" content=\"fr_FR\" \/>\n<meta property=\"og:type\" content=\"article\" \/>\n<meta property=\"og:title\" content=\"T\u00e9l\u00e9chargements - TrustX Management AG\" \/>\n<meta property=\"og:description\" content=\"TrustX Cabinet Logiciel pour la transmission de factures au TrustCenter \/ syst&egrave;me TrustX. Plusieurs fournisseurs de logiciels pour cabinets m&eacute;dicaux ont int&eacute;gr&eacute; TX Cabinet dans leur solution. Demandez &agrave; votre fournisseur si vous devez installer TX Cabinet s&eacute;par&eacute;ment. En cas de transmission &agrave; la Centrale de collecte des donn&eacute;es, veuillez vous adresser &agrave;: NewIndex T\u00e9l\u00e9chargements &hellip; Continue reading &quot;T\u00e9l\u00e9chargements&quot;\" \/>\n<meta property=\"og:url\" content=\"https:\/\/trustx.ch\/fr\/telechargements\/\" \/>\n<meta property=\"og:site_name\" content=\"TrustX Management AG\" \/>\n<meta property=\"article:modified_time\" content=\"2026-02-18T14:51:22+00:00\" \/>\n<meta name=\"twitter:card\" content=\"summary_large_image\" \/>\n<meta name=\"twitter:label1\" content=\"Dur\u00e9e de lecture estim\u00e9e\" \/>\n\t<meta name=\"twitter:data1\" content=\"1 minute\" \/>\n<script type=\"application\/ld+json\" class=\"yoast-schema-graph\">{\"@context\":\"https:\/\/schema.org\",\"@graph\":[{\"@type\":\"WebPage\",\"@id\":\"https:\/\/trustx.ch\/fr\/telechargements\/\",\"url\":\"https:\/\/trustx.ch\/fr\/telechargements\/\",\"name\":\"T\u00e9l\u00e9chargements - TrustX Management AG\",\"isPartOf\":{\"@id\":\"https:\/\/trustx.ch\/#website\"},\"datePublished\":\"2022-02-01T12:04:41+00:00\",\"dateModified\":\"2026-02-18T14:51:22+00:00\",\"breadcrumb\":{\"@id\":\"https:\/\/trustx.ch\/fr\/telechargements\/#breadcrumb\"},\"inLanguage\":\"fr-FR\",\"potentialAction\":[{\"@type\":\"ReadAction\",\"target\":[\"https:\/\/trustx.ch\/fr\/telechargements\/\"]}]},{\"@type\":\"BreadcrumbList\",\"@id\":\"https:\/\/trustx.ch\/fr\/telechargements\/#breadcrumb\",\"itemListElement\":[{\"@type\":\"ListItem\",\"position\":1,\"name\":\"Home\",\"item\":\"https:\/\/trustx.ch\/fr\/\"},{\"@type\":\"ListItem\",\"position\":2,\"name\":\"T\u00e9l\u00e9chargements\"}]},{\"@type\":\"WebSite\",\"@id\":\"https:\/\/trustx.ch\/#website\",\"url\":\"https:\/\/trustx.ch\/\",\"name\":\"TrustX Management AG\",\"description\":\"\",\"publisher\":{\"@id\":\"https:\/\/trustx.ch\/#organization\"},\"potentialAction\":[{\"@type\":\"SearchAction\",\"target\":{\"@type\":\"EntryPoint\",\"urlTemplate\":\"https:\/\/trustx.ch\/?s={search_term_string}\"},\"query-input\":\"required name=search_term_string\"}],\"inLanguage\":\"fr-FR\"},{\"@type\":\"Organization\",\"@id\":\"https:\/\/trustx.ch\/#organization\",\"name\":\"TrustX Management AG\",\"url\":\"https:\/\/trustx.ch\/\",\"logo\":{\"@type\":\"ImageObject\",\"inLanguage\":\"fr-FR\",\"@id\":\"https:\/\/trustx.ch\/#\/schema\/logo\/image\/\",\"url\":\"https:\/\/trustx.ch\/wp-content\/uploads\/2024\/03\/cropped-TX-Logo-406x113-1.png\",\"contentUrl\":\"https:\/\/trustx.ch\/wp-content\/uploads\/2024\/03\/cropped-TX-Logo-406x113-1.png\",\"width\":406,\"height\":101,\"caption\":\"TrustX Management AG\"},\"image\":{\"@id\":\"https:\/\/trustx.ch\/#\/schema\/logo\/image\/\"}}]}<\/script>\n<!-- \/ Yoast SEO plugin. -->","yoast_head_json":{"title":"T\u00e9l\u00e9chargements - TrustX Management AG","robots":{"index":"index","follow":"follow","max-snippet":"max-snippet:-1","max-image-preview":"max-image-preview:large","max-video-preview":"max-video-preview:-1"},"canonical":"https:\/\/trustx.ch\/fr\/telechargements\/","og_locale":"fr_FR","og_type":"article","og_title":"T\u00e9l\u00e9chargements - TrustX Management AG","og_description":"TrustX Cabinet Logiciel pour la transmission de factures au TrustCenter \/ syst&egrave;me TrustX. Plusieurs fournisseurs de logiciels pour cabinets m&eacute;dicaux ont int&eacute;gr&eacute; TX Cabinet dans leur solution. Demandez &agrave; votre fournisseur si vous devez installer TX Cabinet s&eacute;par&eacute;ment. En cas de transmission &agrave; la Centrale de collecte des donn&eacute;es, veuillez vous adresser &agrave;: NewIndex T\u00e9l\u00e9chargements &hellip; Continue reading \"T\u00e9l\u00e9chargements\"","og_url":"https:\/\/trustx.ch\/fr\/telechargements\/","og_site_name":"TrustX Management AG","article_modified_time":"2026-02-18T14:51:22+00:00","twitter_card":"summary_large_image","twitter_misc":{"Dur\u00e9e de lecture estim\u00e9e":"1 minute"},"schema":{"@context":"https:\/\/schema.org","@graph":[{"@type":"WebPage","@id":"https:\/\/trustx.ch\/fr\/telechargements\/","url":"https:\/\/trustx.ch\/fr\/telechargements\/","name":"T\u00e9l\u00e9chargements - TrustX Management AG","isPartOf":{"@id":"https:\/\/trustx.ch\/#website"},"datePublished":"2022-02-01T12:04:41+00:00","dateModified":"2026-02-18T14:51:22+00:00","breadcrumb":{"@id":"https:\/\/trustx.ch\/fr\/telechargements\/#breadcrumb"},"inLanguage":"fr-FR","potentialAction":[{"@type":"ReadAction","target":["https:\/\/trustx.ch\/fr\/telechargements\/"]}]},{"@type":"BreadcrumbList","@id":"https:\/\/trustx.ch\/fr\/telechargements\/#breadcrumb","itemListElement":[{"@type":"ListItem","position":1,"name":"Home","item":"https:\/\/trustx.ch\/fr\/"},{"@type":"ListItem","position":2,"name":"T\u00e9l\u00e9chargements"}]},{"@type":"WebSite","@id":"https:\/\/trustx.ch\/#website","url":"https:\/\/trustx.ch\/","name":"TrustX Management AG","description":"","publisher":{"@id":"https:\/\/trustx.ch\/#organization"},"potentialAction":[{"@type":"SearchAction","target":{"@type":"EntryPoint","urlTemplate":"https:\/\/trustx.ch\/?s={search_term_string}"},"query-input":"required name=search_term_string"}],"inLanguage":"fr-FR"},{"@type":"Organization","@id":"https:\/\/trustx.ch\/#organization","name":"TrustX Management AG","url":"https:\/\/trustx.ch\/","logo":{"@type":"ImageObject","inLanguage":"fr-FR","@id":"https:\/\/trustx.ch\/#\/schema\/logo\/image\/","url":"https:\/\/trustx.ch\/wp-content\/uploads\/2024\/03\/cropped-TX-Logo-406x113-1.png","contentUrl":"https:\/\/trustx.ch\/wp-content\/uploads\/2024\/03\/cropped-TX-Logo-406x113-1.png","width":406,"height":101,"caption":"TrustX Management AG"},"image":{"@id":"https:\/\/trustx.ch\/#\/schema\/logo\/image\/"}}]}},"_links":{"self":[{"href":"https:\/\/trustx.ch\/fr\/wp-json\/wp\/v2\/pages\/162"}],"collection":[{"href":"https:\/\/trustx.ch\/fr\/wp-json\/wp\/v2\/pages"}],"about":[{"href":"https:\/\/trustx.ch\/fr\/wp-json\/wp\/v2\/types\/page"}],"author":[{"embeddable":true,"href":"https:\/\/trustx.ch\/fr\/wp-json\/wp\/v2\/users\/1"}],"replies":[{"embeddable":true,"href":"https:\/\/trustx.ch\/fr\/wp-json\/wp\/v2\/comments?post=162"}],"version-history":[{"count":62,"href":"https:\/\/trustx.ch\/fr\/wp-json\/wp\/v2\/pages\/162\/revisions"}],"predecessor-version":[{"id":563,"href":"https:\/\/trustx.ch\/fr\/wp-json\/wp\/v2\/pages\/162\/revisions\/563"}],"wp:attachment":[{"href":"https:\/\/trustx.ch\/fr\/wp-json\/wp\/v2\/media?parent=162"}],"curies":[{"name":"wp","href":"https:\/\/api.w.org\/{rel}","templated":true}]}}