{"id":159,"date":"2022-02-01T12:04:25","date_gmt":"2022-02-01T12:04:25","guid":{"rendered":"http:\/\/trustx.ch\/partner\/"},"modified":"2026-04-21T12:51:59","modified_gmt":"2026-04-21T10:51:59","slug":"partenaires","status":"publish","type":"page","link":"https:\/\/trustx.ch\/fr\/partenaires\/","title":{"rendered":"Partenaires"},"content":{"rendered":"<div id=\"pl-159\"  class=\"panel-layout\" ><div id=\"pg-159-0\"  class=\"panel-grid panel-no-style\" ><div id=\"pgc-159-0-0\"  class=\"panel-grid-cell\" >\n<!--- !! CONTENT : SECTIONS !! --->\n<section class=\"content-section \" id=\"section-fournisseursdelogicielspourcabinetsm\u00e9dicaux\" data-background=\"white\"> <!-- Unique ID for smooth scroll [nav] -->\n    <div class=\"container\">\n        <div class=\"section-inner\">\n\n            <div class=\"row\">\n                <div class=\"col- col-lg-4\">\n                \t                    \t<h2>Fournisseurs de logiciels pour cabinets m\u00e9dicaux<\/h2>                                    <\/div>\n                <div class=\"col- col-lg-8\">\n                \t<p>Dans un cabinet, le logiciel pour cabinets m&eacute;dicaux est l&rsquo;&eacute;l&eacute;ment-cl&eacute; de la gestion des patients. Plus de 60 fournisseurs de logiciels de ce type soutiennent le corps m&eacute;dical et d&rsquo;autres groupes professionnels en transmettant directement les factures du cabinet au syst&egrave;me TrustX.<\/p>\n                <\/div>\n            <\/div>\n\n        <\/div>\n    <\/div>\n<\/section>\n<!-- END HERE -->\n\n\n<!--- !! CONTENT : SECTIONS !! --->\n<section class=\"content-section lastsection\" id=\"section-interm\u00e9diaires\" data-background=\"white\"> <!-- Unique ID for smooth scroll [nav] -->\n    <div class=\"container\">\n        <div class=\"section-inner\">\n\n            <div class=\"row\">\n                <div class=\"col- col-lg-4\">\n                \t                    \t<h2>Interm\u00e9diaires<\/h2>                                    <\/div>\n                <div class=\"col- col-lg-8\">\n                \t<p>Les interm&eacute;diaires tels que MediData proposent des solutions pour l&rsquo;&eacute;change de donn&eacute;es entre les acteurs du secteur de la sant&eacute; et prennent en charge la transmission de factures au syst&egrave;me TrustX.<\/p>\n                <\/div>\n            <\/div>\n\n        <\/div>\n    <\/div>\n<\/section>\n<!-- END HERE -->\n\n\n<!--- !! CONTENT : SECTIONS !! --->\n<section class=\"content-section lastsection\" id=\"section-\" data-background=\"white\"> <!-- Unique ID for smooth scroll [nav] -->\n    <div class=\"container\">\n        <div class=\"section-inner\">\n\n            <div class=\"row\">\n                <div class=\"col- col-lg-4\">\n                \t                    \t<img src=\"https:\/\/trustx.ch\/wp-content\/uploads\/2022\/02\/1-1.svg\" class=\"logo-1\" alt=\"\">                                    <\/div>\n                <div class=\"col- col-lg-8\">\n                \t<p>La Caisse des m&eacute;decins est un leader sur le march&eacute; de la gestion de cabinet &ndash; de la prise de rendez-vous &agrave; la facturation et au recouvrement en passant par la saisie des prestations &ndash; et propose un service informatique complet. Elle soutient les cabinets et TrustX en transmettant directement les factures du cabinet au syst&egrave;me TrustX et en proposant d&rsquo;autres services.<\/p>\n                <\/div>\n            <\/div>\n\n        <\/div>\n    <\/div>\n<\/section>\n<!-- END HERE -->\n\n\n<!--- !! CONTENT : SECTIONS !! --->\n<section class=\"content-section lastsection\" id=\"section-\" data-background=\"white\"> <!-- Unique ID for smooth scroll [nav] -->\n    <div class=\"container\">\n        <div class=\"section-inner\">\n\n            <div class=\"row\">\n                <div class=\"col- col-lg-4\">\n                \t                    \t<img src=\"https:\/\/trustx.ch\/wp-content\/uploads\/2026\/04\/ConvotisSwissCloudAG_logo_claim_CMYK_blue.svg\" class=\"logo-1\" alt=\"\">                                    <\/div>\n                <div class=\"col- col-lg-8\">\n                \t<p>convotis, leader dans la gestion d&rsquo;applications critiques, est certifi&eacute;e ISO\/CEI 27001:2013 ainsi que PCI DSS et se soumet &agrave; des audits pour contr&ocirc;ler le respect des circulaires 2008\/7, 2008\/21 et 2018\/3 de la FINMA.<\/p>\n                <\/div>\n            <\/div>\n\n        <\/div>\n    <\/div>\n<\/section>\n<!-- END HERE -->\n\n\n<!--- !! CONTENT : SECTIONS !! --->\n<section class=\"content-section lastsection\" id=\"section-\" data-background=\"white\"> <!-- Unique ID for smooth scroll [nav] -->\n    <div class=\"container\">\n        <div class=\"section-inner\">\n\n            <div class=\"row\">\n                <div class=\"col- col-lg-4\">\n                \t                    \t<img src=\"https:\/\/trustx.ch\/wp-content\/uploads\/2022\/06\/BLUECARE_LOGO_RGB-scaled-e1655304196329.jpg\" class=\"logo-1\" alt=\"\">                                    <\/div>\n                <div class=\"col- col-lg-8\">\n                \t<p>Bluecare participe \u00e0 la num\u00e9risation du syst\u00e8me de sant\u00e9 en collaboration avec des cabinets m\u00e9dicaux, des h\u00f4pitaux, des r\u00e9seaux de m\u00e9decins et des organisations proches des m\u00e9decins, et dispose d\u2019experts pour conjuguer informatique et syst\u00e8me de sant\u00e9.<\/p>\n                <\/div>\n            <\/div>\n\n        <\/div>\n    <\/div>\n<\/section>\n<!-- END HERE -->\n\n\n<!--- !! CONTENT : SECTIONS !! --->\n<section class=\"content-section lastsection\" id=\"section-\" data-background=\"white\"> <!-- Unique ID for smooth scroll [nav] -->\n    <div class=\"container\">\n        <div class=\"section-inner\">\n\n            <div class=\"row\">\n                <div class=\"col- col-lg-4\">\n                \t                    \t<img src=\"https:\/\/trustx.ch\/wp-content\/uploads\/2022\/02\/4-1.svg\" class=\"logo-1\" alt=\"\">                                    <\/div>\n                <div class=\"col- col-lg-8\">\n                \t<p>Health Info Net AG (HIN) est la norme en mati&egrave;re de communication s&eacute;curis&eacute;e avec des donn&eacute;es sensibles dans le secteur de la sant&eacute;. HIN a &eacute;t&eacute; fond&eacute;e en 1996 &agrave; l&rsquo;initiative de la FMH et de la Caisse des m&eacute;decins.<\/p>\n                <\/div>\n            <\/div>\n\n        <\/div>\n    <\/div>\n<\/section>\n<!-- END HERE -->\n\n<\/div><\/div><div id=\"pg-159-1\"  class=\"panel-grid panel-no-style\" ><div id=\"pgc-159-1-0\"  class=\"panel-grid-cell\" >\n<!--- !! CONTENT : SECTIONS !! --->\n<section class=\"content-section lastsection\" id=\"section-\" data-background=\"white\">\n    <div class=\"container\">\n        <div class=\"section-inner\">\n\n            <div class=\"image-control\">\n                 <img src=\"https:\/\/trustx.ch\/wp-content\/uploads\/2026\/02\/345A2553.jpg\" alt=\"\">\n            <\/div>\n\n        <\/div>\n    <\/div>\n<\/section>\n<!-- END HERE -->\n\n<\/div><\/div><\/div>","protected":false},"excerpt":{"rendered":"<p>Fournisseurs de logiciels pour cabinets m\u00e9dicaux Dans un cabinet, le logiciel pour cabinets m&eacute;dicaux est l&rsquo;&eacute;l&eacute;ment-cl&eacute; de la gestion des patients. Plus de 60 fournisseurs de logiciels de ce type soutiennent le corps m&eacute;dical et d&rsquo;autres groupes professionnels en transmettant directement les factures du cabinet au syst&egrave;me TrustX. Interm\u00e9diaires Les interm&eacute;diaires tels que MediData proposent &hellip; <a href=\"https:\/\/trustx.ch\/fr\/partenaires\/\" class=\"more-link\">Continue reading<span class=\"screen-reader-text\"> \u00ab\u00a0Partenaires\u00a0\u00bb<\/span><\/a><\/p>\n","protected":false},"author":1,"featured_media":0,"parent":0,"menu_order":0,"comment_status":"closed","ping_status":"closed","template":"","meta":[],"yoast_head":"<!-- This site is optimized with the Yoast SEO plugin v20.6 - https:\/\/yoast.com\/wordpress\/plugins\/seo\/ -->\n<title>Partenaires - TrustX Management AG<\/title>\n<meta name=\"robots\" content=\"index, follow, max-snippet:-1, max-image-preview:large, max-video-preview:-1\" \/>\n<link rel=\"canonical\" href=\"https:\/\/trustx.ch\/fr\/partenaires\/\" \/>\n<meta property=\"og:locale\" content=\"fr_FR\" \/>\n<meta property=\"og:type\" content=\"article\" \/>\n<meta property=\"og:title\" content=\"Partenaires - TrustX Management AG\" \/>\n<meta property=\"og:description\" content=\"Fournisseurs de logiciels pour cabinets m\u00e9dicaux Dans un cabinet, le logiciel pour cabinets m&eacute;dicaux est l&rsquo;&eacute;l&eacute;ment-cl&eacute; de la gestion des patients. Plus de 60 fournisseurs de logiciels de ce type soutiennent le corps m&eacute;dical et d&rsquo;autres groupes professionnels en transmettant directement les factures du cabinet au syst&egrave;me TrustX. Interm\u00e9diaires Les interm&eacute;diaires tels que MediData proposent &hellip; Continue reading &quot;Partenaires&quot;\" \/>\n<meta property=\"og:url\" content=\"https:\/\/trustx.ch\/fr\/partenaires\/\" \/>\n<meta property=\"og:site_name\" content=\"TrustX Management AG\" \/>\n<meta property=\"article:modified_time\" content=\"2026-04-21T10:51:59+00:00\" \/>\n<meta name=\"twitter:card\" content=\"summary_large_image\" \/>\n<meta name=\"twitter:label1\" content=\"Dur\u00e9e de lecture estim\u00e9e\" \/>\n\t<meta name=\"twitter:data1\" content=\"1 minute\" \/>\n<script type=\"application\/ld+json\" class=\"yoast-schema-graph\">{\"@context\":\"https:\/\/schema.org\",\"@graph\":[{\"@type\":\"WebPage\",\"@id\":\"https:\/\/trustx.ch\/fr\/partenaires\/\",\"url\":\"https:\/\/trustx.ch\/fr\/partenaires\/\",\"name\":\"Partenaires - TrustX Management AG\",\"isPartOf\":{\"@id\":\"https:\/\/trustx.ch\/#website\"},\"datePublished\":\"2022-02-01T12:04:25+00:00\",\"dateModified\":\"2026-04-21T10:51:59+00:00\",\"breadcrumb\":{\"@id\":\"https:\/\/trustx.ch\/fr\/partenaires\/#breadcrumb\"},\"inLanguage\":\"fr-FR\",\"potentialAction\":[{\"@type\":\"ReadAction\",\"target\":[\"https:\/\/trustx.ch\/fr\/partenaires\/\"]}]},{\"@type\":\"BreadcrumbList\",\"@id\":\"https:\/\/trustx.ch\/fr\/partenaires\/#breadcrumb\",\"itemListElement\":[{\"@type\":\"ListItem\",\"position\":1,\"name\":\"Home\",\"item\":\"https:\/\/trustx.ch\/fr\/\"},{\"@type\":\"ListItem\",\"position\":2,\"name\":\"Partenaires\"}]},{\"@type\":\"WebSite\",\"@id\":\"https:\/\/trustx.ch\/#website\",\"url\":\"https:\/\/trustx.ch\/\",\"name\":\"TrustX Management AG\",\"description\":\"\",\"publisher\":{\"@id\":\"https:\/\/trustx.ch\/#organization\"},\"potentialAction\":[{\"@type\":\"SearchAction\",\"target\":{\"@type\":\"EntryPoint\",\"urlTemplate\":\"https:\/\/trustx.ch\/?s={search_term_string}\"},\"query-input\":\"required name=search_term_string\"}],\"inLanguage\":\"fr-FR\"},{\"@type\":\"Organization\",\"@id\":\"https:\/\/trustx.ch\/#organization\",\"name\":\"TrustX Management AG\",\"url\":\"https:\/\/trustx.ch\/\",\"logo\":{\"@type\":\"ImageObject\",\"inLanguage\":\"fr-FR\",\"@id\":\"https:\/\/trustx.ch\/#\/schema\/logo\/image\/\",\"url\":\"https:\/\/trustx.ch\/wp-content\/uploads\/2024\/03\/cropped-TX-Logo-406x113-1.png\",\"contentUrl\":\"https:\/\/trustx.ch\/wp-content\/uploads\/2024\/03\/cropped-TX-Logo-406x113-1.png\",\"width\":406,\"height\":101,\"caption\":\"TrustX Management AG\"},\"image\":{\"@id\":\"https:\/\/trustx.ch\/#\/schema\/logo\/image\/\"}}]}<\/script>\n<!-- \/ Yoast SEO plugin. -->","yoast_head_json":{"title":"Partenaires - TrustX Management AG","robots":{"index":"index","follow":"follow","max-snippet":"max-snippet:-1","max-image-preview":"max-image-preview:large","max-video-preview":"max-video-preview:-1"},"canonical":"https:\/\/trustx.ch\/fr\/partenaires\/","og_locale":"fr_FR","og_type":"article","og_title":"Partenaires - TrustX Management AG","og_description":"Fournisseurs de logiciels pour cabinets m\u00e9dicaux Dans un cabinet, le logiciel pour cabinets m&eacute;dicaux est l&rsquo;&eacute;l&eacute;ment-cl&eacute; de la gestion des patients. Plus de 60 fournisseurs de logiciels de ce type soutiennent le corps m&eacute;dical et d&rsquo;autres groupes professionnels en transmettant directement les factures du cabinet au syst&egrave;me TrustX. Interm\u00e9diaires Les interm&eacute;diaires tels que MediData proposent &hellip; Continue reading \"Partenaires\"","og_url":"https:\/\/trustx.ch\/fr\/partenaires\/","og_site_name":"TrustX Management AG","article_modified_time":"2026-04-21T10:51:59+00:00","twitter_card":"summary_large_image","twitter_misc":{"Dur\u00e9e de lecture estim\u00e9e":"1 minute"},"schema":{"@context":"https:\/\/schema.org","@graph":[{"@type":"WebPage","@id":"https:\/\/trustx.ch\/fr\/partenaires\/","url":"https:\/\/trustx.ch\/fr\/partenaires\/","name":"Partenaires - TrustX Management AG","isPartOf":{"@id":"https:\/\/trustx.ch\/#website"},"datePublished":"2022-02-01T12:04:25+00:00","dateModified":"2026-04-21T10:51:59+00:00","breadcrumb":{"@id":"https:\/\/trustx.ch\/fr\/partenaires\/#breadcrumb"},"inLanguage":"fr-FR","potentialAction":[{"@type":"ReadAction","target":["https:\/\/trustx.ch\/fr\/partenaires\/"]}]},{"@type":"BreadcrumbList","@id":"https:\/\/trustx.ch\/fr\/partenaires\/#breadcrumb","itemListElement":[{"@type":"ListItem","position":1,"name":"Home","item":"https:\/\/trustx.ch\/fr\/"},{"@type":"ListItem","position":2,"name":"Partenaires"}]},{"@type":"WebSite","@id":"https:\/\/trustx.ch\/#website","url":"https:\/\/trustx.ch\/","name":"TrustX Management AG","description":"","publisher":{"@id":"https:\/\/trustx.ch\/#organization"},"potentialAction":[{"@type":"SearchAction","target":{"@type":"EntryPoint","urlTemplate":"https:\/\/trustx.ch\/?s={search_term_string}"},"query-input":"required name=search_term_string"}],"inLanguage":"fr-FR"},{"@type":"Organization","@id":"https:\/\/trustx.ch\/#organization","name":"TrustX Management AG","url":"https:\/\/trustx.ch\/","logo":{"@type":"ImageObject","inLanguage":"fr-FR","@id":"https:\/\/trustx.ch\/#\/schema\/logo\/image\/","url":"https:\/\/trustx.ch\/wp-content\/uploads\/2024\/03\/cropped-TX-Logo-406x113-1.png","contentUrl":"https:\/\/trustx.ch\/wp-content\/uploads\/2024\/03\/cropped-TX-Logo-406x113-1.png","width":406,"height":101,"caption":"TrustX Management AG"},"image":{"@id":"https:\/\/trustx.ch\/#\/schema\/logo\/image\/"}}]}},"_links":{"self":[{"href":"https:\/\/trustx.ch\/fr\/wp-json\/wp\/v2\/pages\/159"}],"collection":[{"href":"https:\/\/trustx.ch\/fr\/wp-json\/wp\/v2\/pages"}],"about":[{"href":"https:\/\/trustx.ch\/fr\/wp-json\/wp\/v2\/types\/page"}],"author":[{"embeddable":true,"href":"https:\/\/trustx.ch\/fr\/wp-json\/wp\/v2\/users\/1"}],"replies":[{"embeddable":true,"href":"https:\/\/trustx.ch\/fr\/wp-json\/wp\/v2\/comments?post=159"}],"version-history":[{"count":12,"href":"https:\/\/trustx.ch\/fr\/wp-json\/wp\/v2\/pages\/159\/revisions"}],"predecessor-version":[{"id":580,"href":"https:\/\/trustx.ch\/fr\/wp-json\/wp\/v2\/pages\/159\/revisions\/580"}],"wp:attachment":[{"href":"https:\/\/trustx.ch\/fr\/wp-json\/wp\/v2\/media?parent=159"}],"curies":[{"name":"wp","href":"https:\/\/api.w.org\/{rel}","templated":true}]}}