{"id":156,"date":"2022-02-01T11:26:59","date_gmt":"2022-02-01T11:26:59","guid":{"rendered":"http:\/\/trustx.ch\/trustcenter\/"},"modified":"2026-02-17T11:54:54","modified_gmt":"2026-02-17T10:54:54","slug":"trustcenter","status":"publish","type":"page","link":"https:\/\/trustx.ch\/fr\/trustcenter\/","title":{"rendered":"TrustCenter"},"content":{"rendered":"<div id=\"pl-156\"  class=\"panel-layout\" ><div id=\"pg-156-0\"  class=\"panel-grid panel-no-style\" ><div id=\"pgc-156-0-0\"  class=\"panel-grid-cell\" >\n<!--- !! CONTENT : SECTIONS !! --->\n<section class=\"content-section\" id=\"section-TrustCenter\" data-background=\"white\">\n    <div class=\"container\">\n        <div class=\"section-inner\">\n\n            <div class=\"row\">\n                <div class=\"col- col-lg-4\">\n                    <h2>TrustCenter<\/h2>                <\/div>\n                <div class=\"col- col-lg-8\">\n                    <p>Les TrustCenter r\u00e9gionaux sont g\u00e9r\u00e9s sur mandat des soci\u00e9t\u00e9s cantonales de m\u00e9decine et se chargent de l\u2019acc\u00e8s des cabinets m\u00e9dicaux \u00e0 la collecte des donn\u00e9es. Les TrustCenter soutiennent et conseillent les cabinets m\u00e9dicaux pour les questions relatives \u00e0 la facturation et \u00e0 la collecte des donn\u00e9es. Vous trouverez de plus amples informations en vous adressant directement au TrustCenter.<\/p>\n                    \n                    <div class=\"logo-grid\">\n                        <div class=\"row\">\n\t\t\t\t\t\t\t                            <div class=\"col-6 col-sm-4 col-xs-12\">\n                                <div class=\"logo-set\">\n                                \t                                    <a href=\"https:\/\/www.aargauer-aerzte.ch\/index.php?cID=621\" target=\"_blank\">\n                                    <img src=\"https:\/\/trustx.ch\/wp-content\/uploads\/2022\/02\/1.svg\" class=\"logo-1\" alt=\"\">\n                                    <\/a>\n                                                                    <\/div>\n                            <\/div>\n                                                        <div class=\"col-6 col-sm-4 col-xs-12\">\n                                <div class=\"logo-set\">\n                                \t                                    <a href=\"https:\/\/www.hawadoc.ch\/hawatrust\/\" target=\"_blank\">\n                                    <img src=\"https:\/\/trustx.ch\/wp-content\/uploads\/2022\/02\/2.svg\" class=\"logo-1\" alt=\"\">\n                                    <\/a>\n                                                                    <\/div>\n                            <\/div>\n                                                        <div class=\"col-6 col-sm-4 col-xs-12\">\n                                <div class=\"logo-set\">\n                                \t                                    <a href=\"http:\/\/www.tcti.ch\/\" target=\"_blank\">\n                                    <img src=\"https:\/\/trustx.ch\/wp-content\/uploads\/2022\/02\/3.svg\" class=\"logo-1\" alt=\"\">\n                                    <\/a>\n                                                                    <\/div>\n                            <\/div>\n                                                        <div class=\"col-6 col-sm-4 col-xs-12\">\n                                <div class=\"logo-set\">\n                                \t                                    <a href=\"https:\/\/www.ctesias.ch\/\" target=\"_blank\">\n                                    <img src=\"https:\/\/trustx.ch\/wp-content\/uploads\/2022\/02\/4.svg\" class=\"logo-1\" alt=\"\">\n                                    <\/a>\n                                                                    <\/div>\n                            <\/div>\n                                                        <div class=\"col-6 col-sm-4 col-xs-12\">\n                                <div class=\"logo-set\">\n                                \t                                    <a href=\"https:\/\/www.pontenova.ch\/\" target=\"_blank\">\n                                    <img src=\"https:\/\/trustx.ch\/wp-content\/uploads\/2022\/02\/5.svg\" class=\"logo-1\" alt=\"\">\n                                    <\/a>\n                                                                    <\/div>\n                            <\/div>\n                                                        <div class=\"col-6 col-sm-4 col-xs-12\">\n                                <div class=\"logo-set\">\n                                \t                                    <a href=\"https:\/\/www.trustmed.ch\/\" target=\"_blank\">\n                                    <img src=\"https:\/\/trustx.ch\/wp-content\/uploads\/2022\/02\/6.svg\" class=\"logo-1\" alt=\"\">\n                                    <\/a>\n                                                                    <\/div>\n                            <\/div>\n                                                        <div class=\"col-6 col-sm-4 col-xs-12\">\n                                <div class=\"logo-set\">\n                                \t                                    <a href=\"https:\/\/eastcare.ch\" target=\"_blank\">\n                                    <img src=\"https:\/\/trustx.ch\/wp-content\/uploads\/2024\/10\/gal.svg\" class=\"logo-1\" alt=\"\">\n                                    <\/a>\n                                                                    <\/div>\n                            <\/div>\n                                                        <div class=\"col-6 col-sm-4 col-xs-12\">\n                                <div class=\"logo-set\">\n                                \t                                    <a href=\"http:\/\/www.syndata.ch\/\" target=\"_blank\">\n                                    <img src=\"https:\/\/trustx.ch\/wp-content\/uploads\/2022\/02\/8.svg\" class=\"logo-1\" alt=\"\">\n                                    <\/a>\n                                                                    <\/div>\n                            <\/div>\n                                                        <div class=\"col-6 col-sm-4 col-xs-12\">\n                                <div class=\"logo-set\">\n                                \t                                    <a href=\"http:\/\/www.zueridoc.ch\/\" target=\"_blank\">\n                                    <img src=\"https:\/\/trustx.ch\/wp-content\/uploads\/2025\/10\/Zue.png\" class=\"logo-1\" alt=\"\">\n                                    <\/a>\n                                                                    <\/div>\n                            <\/div>\n                                                            \n                        <\/div>\n                    <\/div>\n                <\/div>\n            <\/div>\n\n        <\/div>\n    <\/div>\n<\/section>\n\n\n\n<!-- END HERE -->\n\n<\/div><\/div><div id=\"pg-156-1\"  class=\"panel-grid panel-no-style\" ><div id=\"pgc-156-1-0\"  class=\"panel-grid-cell\" >\n<!--- !! CONTENT : SECTIONS !! --->\n<section class=\"content-section lastsection\" id=\"section-Image\" data-background=\"white\">\n    <div class=\"container\">\n        <div class=\"section-inner\">\n\n            <div class=\"image-control\">\n                 <img src=\"https:\/\/trustx.ch\/wp-content\/uploads\/2026\/02\/345A1972.jpg\" alt=\"Image\">\n            <\/div>\n\n        <\/div>\n    <\/div>\n<\/section>\n<!-- END HERE -->\n\n<\/div><\/div><div id=\"pg-156-2\"  class=\"panel-grid panel-no-style\" ><div id=\"pgc-156-2-0\"  class=\"panel-grid-cell\" >\n<!--- !! CONTENT : SECTIONS !! --->\n<section class=\"content-section lastsection\" id=\"section-Centrale de collecte des donn\u00e9es\" data-background=\"white\">\n    <div class=\"container\">\n        <div class=\"section-inner\">\n\n            <div class=\"row\">\n                <div class=\"col- col-lg-4\">\n                    <h2>Centrale de collecte des donn\u00e9es<\/h2>                <\/div>\n                <div class=\"col- col-lg-8\">\n                    <p>Dans certains cantons, les cabinets m\u00e9dicaux ont aussi la possibilit\u00e9 de s\u2019inscrire \u00e0 la Centrale de collecte des donn\u00e9es de NewIndex.<\/p>\n                                        <div class=\"newindex-logo\">\n                        <a href=\"https:\/\/www.newindex.ch\/\" target=\"_blank\"><img src=\"https:\/\/trustx.ch\/wp-content\/uploads\/2022\/02\/logo-newindex.svg\" class=\"logo-newindex\" alt=\"Centrale de collecte des donn\u00e9es\"><\/a>\n                    <\/div>\n                                    <\/div>\n            <\/div>\n\n        <\/div>\n    <\/div>\n<\/section>\n\n<!-- END HERE -->\n\n<\/div><\/div><\/div>","protected":false},"excerpt":{"rendered":"<p>TrustCenter Les TrustCenter r\u00e9gionaux sont g\u00e9r\u00e9s sur mandat des soci\u00e9t\u00e9s cantonales de m\u00e9decine et se chargent de l\u2019acc\u00e8s des cabinets m\u00e9dicaux \u00e0 la collecte des donn\u00e9es. Les TrustCenter soutiennent et conseillent les cabinets m\u00e9dicaux pour les questions relatives \u00e0 la facturation et \u00e0 la collecte des donn\u00e9es. Vous trouverez de plus amples informations en vous &hellip; <a href=\"https:\/\/trustx.ch\/fr\/trustcenter\/\" class=\"more-link\">Continue reading<span class=\"screen-reader-text\"> \u00ab\u00a0TrustCenter\u00a0\u00bb<\/span><\/a><\/p>\n","protected":false},"author":1,"featured_media":0,"parent":0,"menu_order":0,"comment_status":"closed","ping_status":"closed","template":"","meta":[],"yoast_head":"<!-- This site is optimized with the Yoast SEO plugin v20.6 - https:\/\/yoast.com\/wordpress\/plugins\/seo\/ -->\n<title>TrustCenter - TrustX Management AG<\/title>\n<meta name=\"robots\" content=\"index, follow, max-snippet:-1, max-image-preview:large, max-video-preview:-1\" \/>\n<link rel=\"canonical\" href=\"https:\/\/trustx.ch\/fr\/trustcenter\/\" \/>\n<meta property=\"og:locale\" content=\"fr_FR\" \/>\n<meta property=\"og:type\" content=\"article\" \/>\n<meta property=\"og:title\" content=\"TrustCenter - TrustX Management AG\" \/>\n<meta property=\"og:description\" content=\"TrustCenter Les TrustCenter r\u00e9gionaux sont g\u00e9r\u00e9s sur mandat des soci\u00e9t\u00e9s cantonales de m\u00e9decine et se chargent de l\u2019acc\u00e8s des cabinets m\u00e9dicaux \u00e0 la collecte des donn\u00e9es. Les TrustCenter soutiennent et conseillent les cabinets m\u00e9dicaux pour les questions relatives \u00e0 la facturation et \u00e0 la collecte des donn\u00e9es. Vous trouverez de plus amples informations en vous &hellip; Continue reading &quot;TrustCenter&quot;\" \/>\n<meta property=\"og:url\" content=\"https:\/\/trustx.ch\/fr\/trustcenter\/\" \/>\n<meta property=\"og:site_name\" content=\"TrustX Management AG\" \/>\n<meta property=\"article:modified_time\" content=\"2026-02-17T10:54:54+00:00\" \/>\n<meta name=\"twitter:card\" content=\"summary_large_image\" \/>\n<meta name=\"twitter:label1\" content=\"Dur\u00e9e de lecture estim\u00e9e\" \/>\n\t<meta name=\"twitter:data1\" content=\"1 minute\" \/>\n<script type=\"application\/ld+json\" class=\"yoast-schema-graph\">{\"@context\":\"https:\/\/schema.org\",\"@graph\":[{\"@type\":\"WebPage\",\"@id\":\"https:\/\/trustx.ch\/fr\/trustcenter\/\",\"url\":\"https:\/\/trustx.ch\/fr\/trustcenter\/\",\"name\":\"TrustCenter - TrustX Management AG\",\"isPartOf\":{\"@id\":\"https:\/\/trustx.ch\/#website\"},\"datePublished\":\"2022-02-01T11:26:59+00:00\",\"dateModified\":\"2026-02-17T10:54:54+00:00\",\"breadcrumb\":{\"@id\":\"https:\/\/trustx.ch\/fr\/trustcenter\/#breadcrumb\"},\"inLanguage\":\"fr-FR\",\"potentialAction\":[{\"@type\":\"ReadAction\",\"target\":[\"https:\/\/trustx.ch\/fr\/trustcenter\/\"]}]},{\"@type\":\"BreadcrumbList\",\"@id\":\"https:\/\/trustx.ch\/fr\/trustcenter\/#breadcrumb\",\"itemListElement\":[{\"@type\":\"ListItem\",\"position\":1,\"name\":\"Home\",\"item\":\"https:\/\/trustx.ch\/fr\/\"},{\"@type\":\"ListItem\",\"position\":2,\"name\":\"TrustCenter\"}]},{\"@type\":\"WebSite\",\"@id\":\"https:\/\/trustx.ch\/#website\",\"url\":\"https:\/\/trustx.ch\/\",\"name\":\"TrustX Management AG\",\"description\":\"\",\"publisher\":{\"@id\":\"https:\/\/trustx.ch\/#organization\"},\"potentialAction\":[{\"@type\":\"SearchAction\",\"target\":{\"@type\":\"EntryPoint\",\"urlTemplate\":\"https:\/\/trustx.ch\/?s={search_term_string}\"},\"query-input\":\"required name=search_term_string\"}],\"inLanguage\":\"fr-FR\"},{\"@type\":\"Organization\",\"@id\":\"https:\/\/trustx.ch\/#organization\",\"name\":\"TrustX Management AG\",\"url\":\"https:\/\/trustx.ch\/\",\"logo\":{\"@type\":\"ImageObject\",\"inLanguage\":\"fr-FR\",\"@id\":\"https:\/\/trustx.ch\/#\/schema\/logo\/image\/\",\"url\":\"https:\/\/trustx.ch\/wp-content\/uploads\/2024\/03\/cropped-TX-Logo-406x113-1.png\",\"contentUrl\":\"https:\/\/trustx.ch\/wp-content\/uploads\/2024\/03\/cropped-TX-Logo-406x113-1.png\",\"width\":406,\"height\":101,\"caption\":\"TrustX Management AG\"},\"image\":{\"@id\":\"https:\/\/trustx.ch\/#\/schema\/logo\/image\/\"}}]}<\/script>\n<!-- \/ Yoast SEO plugin. -->","yoast_head_json":{"title":"TrustCenter - TrustX Management AG","robots":{"index":"index","follow":"follow","max-snippet":"max-snippet:-1","max-image-preview":"max-image-preview:large","max-video-preview":"max-video-preview:-1"},"canonical":"https:\/\/trustx.ch\/fr\/trustcenter\/","og_locale":"fr_FR","og_type":"article","og_title":"TrustCenter - TrustX Management AG","og_description":"TrustCenter Les TrustCenter r\u00e9gionaux sont g\u00e9r\u00e9s sur mandat des soci\u00e9t\u00e9s cantonales de m\u00e9decine et se chargent de l\u2019acc\u00e8s des cabinets m\u00e9dicaux \u00e0 la collecte des donn\u00e9es. Les TrustCenter soutiennent et conseillent les cabinets m\u00e9dicaux pour les questions relatives \u00e0 la facturation et \u00e0 la collecte des donn\u00e9es. Vous trouverez de plus amples informations en vous &hellip; Continue reading \"TrustCenter\"","og_url":"https:\/\/trustx.ch\/fr\/trustcenter\/","og_site_name":"TrustX Management AG","article_modified_time":"2026-02-17T10:54:54+00:00","twitter_card":"summary_large_image","twitter_misc":{"Dur\u00e9e de lecture estim\u00e9e":"1 minute"},"schema":{"@context":"https:\/\/schema.org","@graph":[{"@type":"WebPage","@id":"https:\/\/trustx.ch\/fr\/trustcenter\/","url":"https:\/\/trustx.ch\/fr\/trustcenter\/","name":"TrustCenter - TrustX Management AG","isPartOf":{"@id":"https:\/\/trustx.ch\/#website"},"datePublished":"2022-02-01T11:26:59+00:00","dateModified":"2026-02-17T10:54:54+00:00","breadcrumb":{"@id":"https:\/\/trustx.ch\/fr\/trustcenter\/#breadcrumb"},"inLanguage":"fr-FR","potentialAction":[{"@type":"ReadAction","target":["https:\/\/trustx.ch\/fr\/trustcenter\/"]}]},{"@type":"BreadcrumbList","@id":"https:\/\/trustx.ch\/fr\/trustcenter\/#breadcrumb","itemListElement":[{"@type":"ListItem","position":1,"name":"Home","item":"https:\/\/trustx.ch\/fr\/"},{"@type":"ListItem","position":2,"name":"TrustCenter"}]},{"@type":"WebSite","@id":"https:\/\/trustx.ch\/#website","url":"https:\/\/trustx.ch\/","name":"TrustX Management AG","description":"","publisher":{"@id":"https:\/\/trustx.ch\/#organization"},"potentialAction":[{"@type":"SearchAction","target":{"@type":"EntryPoint","urlTemplate":"https:\/\/trustx.ch\/?s={search_term_string}"},"query-input":"required name=search_term_string"}],"inLanguage":"fr-FR"},{"@type":"Organization","@id":"https:\/\/trustx.ch\/#organization","name":"TrustX Management AG","url":"https:\/\/trustx.ch\/","logo":{"@type":"ImageObject","inLanguage":"fr-FR","@id":"https:\/\/trustx.ch\/#\/schema\/logo\/image\/","url":"https:\/\/trustx.ch\/wp-content\/uploads\/2024\/03\/cropped-TX-Logo-406x113-1.png","contentUrl":"https:\/\/trustx.ch\/wp-content\/uploads\/2024\/03\/cropped-TX-Logo-406x113-1.png","width":406,"height":101,"caption":"TrustX Management AG"},"image":{"@id":"https:\/\/trustx.ch\/#\/schema\/logo\/image\/"}}]}},"_links":{"self":[{"href":"https:\/\/trustx.ch\/fr\/wp-json\/wp\/v2\/pages\/156"}],"collection":[{"href":"https:\/\/trustx.ch\/fr\/wp-json\/wp\/v2\/pages"}],"about":[{"href":"https:\/\/trustx.ch\/fr\/wp-json\/wp\/v2\/types\/page"}],"author":[{"embeddable":true,"href":"https:\/\/trustx.ch\/fr\/wp-json\/wp\/v2\/users\/1"}],"replies":[{"embeddable":true,"href":"https:\/\/trustx.ch\/fr\/wp-json\/wp\/v2\/comments?post=156"}],"version-history":[{"count":22,"href":"https:\/\/trustx.ch\/fr\/wp-json\/wp\/v2\/pages\/156\/revisions"}],"predecessor-version":[{"id":545,"href":"https:\/\/trustx.ch\/fr\/wp-json\/wp\/v2\/pages\/156\/revisions\/545"}],"wp:attachment":[{"href":"https:\/\/trustx.ch\/fr\/wp-json\/wp\/v2\/media?parent=156"}],"curies":[{"name":"wp","href":"https:\/\/api.w.org\/{rel}","templated":true}]}}